{"id":617,"date":"2025-07-30T17:10:32","date_gmt":"2025-07-30T17:10:32","guid":{"rendered":"https:\/\/etnpro.com\/?page_id=617"},"modified":"2025-08-04T14:28:48","modified_gmt":"2025-08-04T14:28:48","slug":"historique","status":"publish","type":"page","link":"https:\/\/etnpro.com\/?page_id=617&lang=fr","title":{"rendered":"Historique"},"content":{"rendered":"\t\t<div data-elementor-type=\"wp-page\" data-elementor-id=\"617\" class=\"elementor elementor-617\">\n\t\t\t\t<div class=\"elementor-element elementor-element-c454319 e-con-full e-flex e-con e-parent\" data-id=\"c454319\" data-element_type=\"container\">\n\t\t<div class=\"elementor-element elementor-element-44b2061 e-con-full e-flex e-con e-child\" data-id=\"44b2061\" data-element_type=\"container\">\n\t\t\t\t<div class=\"elementor-element elementor-element-00fb4b0 elementor-widget elementor-widget-tp-heading\" data-id=\"00fb4b0\" data-element_type=\"widget\" data-widget_type=\"tp-heading.default\">\n\t\t\t\t<div class=\"elementor-widget-container\">\n\t\t\t\t\t\r\n\t\t\r\n            <div class=\"section__title\">\r\n\r\n                <span class=\"sub-title tg-text-gradient\">Qu\u2019est-ce qu\u2019une tontine ?<\/span>\r\n                \r\n                                    <p class=\"desc\">Une tontine est un syst\u00e8me d\u2019organisation entre personnes de confiance \u2014 amis, coll\u00e8gues, proches ou membres d\u2019une m\u00eame communaut\u00e9 \u2014 permettant de planifier collectivement des projets financiers \u00e0 travers un engagement mutuel.\nSon fondement repose sur la solidarit\u00e9, la confiance, et l\u2019organisation entre membres, sans intervention d\u2019un organisme ext\u00e9rieur.<br>\n\nCe mod\u00e8le d\u2019entraide, pratiqu\u00e9 dans de nombreuses r\u00e9gions du monde (Afrique, Asie, Am\u00e9rique Latine\u2026), se d\u00e9cline selon plusieurs formats.<\/p>\r\n                \r\n            <\/div>\r\n\r\n        \r\n        \t\t\t\t<\/div>\n\t\t\t\t<\/div>\n\t\t\t\t<div class=\"elementor-element elementor-element-9776c1a elementor-widget elementor-widget-tp-heading\" data-id=\"9776c1a\" data-element_type=\"widget\" data-widget_type=\"tp-heading.default\">\n\t\t\t\t<div class=\"elementor-widget-container\">\n\t\t\t\t\t\r\n\t\t\r\n            <div class=\"section__title\">\r\n\r\n                <span class=\"sub-title tg-text-gradient\">Tontine rotative<\/span>\r\n                \r\n                                    <p class=\"desc\">Dans ce format, les membres contribuent \u00e0 intervalle r\u00e9gulier. \u00c0 chaque cycle, l\u2019un d\u2019eux re\u00e7oit la cagnotte, selon un ordre d\u00e9fini ou tir\u00e9 au sort par les membres eux-m\u00eames.<br>\nCe m\u00e9canisme permet \u00e0 chacun de b\u00e9n\u00e9ficier d\u2019une somme cons\u00e9quente pour r\u00e9aliser un projet personnel ou familial, \u00e0 tour de r\u00f4le.<\/p>\r\n                \r\n            <\/div>\r\n\r\n        \r\n        \t\t\t\t<\/div>\n\t\t\t\t<\/div>\n\t\t\t\t<div class=\"elementor-element elementor-element-b8201a5 elementor-widget elementor-widget-tp-heading\" data-id=\"b8201a5\" data-element_type=\"widget\" data-widget_type=\"tp-heading.default\">\n\t\t\t\t<div class=\"elementor-widget-container\">\n\t\t\t\t\t\r\n\t\t\r\n            <div class=\"section__title\">\r\n\r\n                <span class=\"sub-title tg-text-gradient\">Tontine d\u2019accumulation <\/span>\r\n                \r\n                                    <p class=\"desc\">Ici, les contributions des membres sont conserv\u00e9es collectivement. Une fois le montant cumul\u00e9 suffisant, les membres d\u00e9cident ensemble de l\u2019utilisation des fonds, souvent sous forme d\u2019une avance ou d\u2019un pr\u00eat entre membres, avec conditions convenues \u00e0 l\u2019avance.<br>\nLes d\u00e9cisions sont coll\u00e9giales, et aucun transfert n\u2019est effectu\u00e9 par un tiers : tout repose sur la gestion interne et mutuelle entre les participants.<\/p>\r\n                \r\n            <\/div>\r\n\r\n        \r\n        \t\t\t\t<\/div>\n\t\t\t\t<\/div>\n\t\t\t\t<\/div>\n\t\t<div class=\"elementor-element elementor-element-fc1765a e-con-full e-flex e-con e-child\" data-id=\"fc1765a\" data-element_type=\"container\">\n\t\t\t\t<div class=\"elementor-element elementor-element-3ee9f4f elementor-widget elementor-widget-image\" data-id=\"3ee9f4f\" data-element_type=\"widget\" data-widget_type=\"image.default\">\n\t\t\t\t\t\t\t\t\t\t\t\t\t\t\t<img fetchpriority=\"high\" decoding=\"async\" width=\"640\" height=\"640\" src=\"https:\/\/etnpro.com\/wp-content\/uploads\/2025\/07\/ChatGPT-Image-29-juil.-2025-20_15_50.png\" class=\"attachment-large size-large wp-image-525\" alt=\"\" srcset=\"https:\/\/etnpro.com\/wp-content\/uploads\/2025\/07\/ChatGPT-Image-29-juil.-2025-20_15_50.png 1024w, https:\/\/etnpro.com\/wp-content\/uploads\/2025\/07\/ChatGPT-Image-29-juil.-2025-20_15_50-300x300.png 300w, https:\/\/etnpro.com\/wp-content\/uploads\/2025\/07\/ChatGPT-Image-29-juil.-2025-20_15_50-150x150.png 150w, https:\/\/etnpro.com\/wp-content\/uploads\/2025\/07\/ChatGPT-Image-29-juil.-2025-20_15_50-768x768.png 768w\" sizes=\"(max-width: 640px) 100vw, 640px\" \/>\t\t\t\t\t\t\t\t\t\t\t\t\t\t\t<\/div>\n\t\t\t\t<\/div>\n\t\t\t\t<\/div>\n\t\t<div class=\"elementor-element elementor-element-8df4805 e-flex e-con-boxed e-con e-parent\" data-id=\"8df4805\" data-element_type=\"container\">\n\t\t\t\t\t<div class=\"e-con-inner\">\n\t\t\t\t<div class=\"elementor-element elementor-element-eb381ff elementor-widget elementor-widget-tp-heading\" data-id=\"eb381ff\" data-element_type=\"widget\" data-widget_type=\"tp-heading.default\">\n\t\t\t\t<div class=\"elementor-widget-container\">\n\t\t\t\t\t\r\n\t\t\r\n            <div class=\"section__title\">\r\n\r\n                <span class=\"sub-title tg-text-gradient\">ETNPro : un outil digital collaboratif<\/span>\r\n                \r\n                                    <p class=\"desc\">La plateforme ETNPro n\u2019intervient jamais dans la gestion des fonds ni dans les flux financiers entre membres.<br>\nElle se limite \u00e0 mettre en relation des personnes de confiance, \u00e0 fournir un cadre d\u2019organisation, de planification et de communication s\u00e9curis\u00e9.<\/p>\r\n                \r\n            <\/div>\r\n\r\n        \r\n        \t\t\t\t<\/div>\n\t\t\t\t<\/div>\n\t\t\t\t\t<\/div>\n\t\t\t\t<\/div>\n\t\t<div class=\"elementor-element elementor-element-b8e4ed1 e-flex e-con-boxed e-con e-parent\" data-id=\"b8e4ed1\" data-element_type=\"container\">\n\t\t\t\t\t<div class=\"e-con-inner\">\n\t\t<div class=\"elementor-element elementor-element-5c66edd e-con-full e-flex e-con e-child\" data-id=\"5c66edd\" data-element_type=\"container\">\n\t\t\t\t<div class=\"elementor-element elementor-element-5406316 elementor-widget elementor-widget-image\" data-id=\"5406316\" data-element_type=\"widget\" data-widget_type=\"image.default\">\n\t\t\t\t\t\t\t\t\t\t\t\t\t\t\t<img decoding=\"async\" width=\"182\" height=\"56\" src=\"https:\/\/etnpro.com\/wp-content\/uploads\/2025\/08\/Tontine.svg\" class=\"attachment-large size-large wp-image-766\" alt=\"\" \/>\t\t\t\t\t\t\t\t\t\t\t\t\t\t\t<\/div>\n\t\t\t\t<div class=\"elementor-element elementor-element-e58f19d elementor-widget elementor-widget-tp-heading\" data-id=\"e58f19d\" data-element_type=\"widget\" data-widget_type=\"tp-heading.default\">\n\t\t\t\t<div class=\"elementor-widget-container\">\n\t\t\t\t\t\r\n\t\t\r\n            <div class=\"section__title\">\r\n\r\n                \r\n                \r\n                                    <p class=\"desc\">ETNPro. Le pouvoir de la communaut\u00e9 entre vos mains.\nT\u00e9l\u00e9chargez l\u2019application et cr\u00e9ez ou rejoignez un groupe de confiance.\nSimple, direct, sans frais cach\u00e9s ni interm\u00e9diaire financier.<\/p>\r\n                \r\n            <\/div>\r\n\r\n        \r\n        \t\t\t\t<\/div>\n\t\t\t\t<\/div>\n\t\t\t\t<\/div>\n\t\t<div class=\"elementor-element elementor-element-b693400 e-con-full e-flex e-con e-child\" data-id=\"b693400\" data-element_type=\"container\">\n\t\t\t\t<div class=\"elementor-element elementor-element-22fe34e elementor-widget elementor-widget-tp-heading\" data-id=\"22fe34e\" data-element_type=\"widget\" data-widget_type=\"tp-heading.default\">\n\t\t\t\t<div class=\"elementor-widget-container\">\n\t\t\t\t\t\r\n\t\t\r\n            <div class=\"section__title\">\r\n\r\n                \r\n                <h2 class=\"title\"><h5>Lien rapide<\/h2>\r\n                                    <p class=\"desc\"><a href=\"https:\/\/etnpro.com\/?page_id=579&amp;lang=fr\">Acceuil<\/a><br>\n<a href=\"https:\/\/etnpro.com\/?page_id=617&amp;lang=fr\">Historique<\/a><br>\n<a href=\"https:\/\/etnpro.com\/?page_id=623&amp;lang=fr\">Comment \u00e7a fonctionne<\/a><br>\n<a href=\"https:\/\/etnpro.com\/?page_id=603&amp;lang=fr\">Devenez revendeur<\/a><br>\n<a href=\"https:\/\/etnpro.com\/?page_id=610&amp;lang=fr\">CGU<\/a><\/p>\r\n                \r\n            <\/div>\r\n\r\n        \r\n        \t\t\t\t<\/div>\n\t\t\t\t<\/div>\n\t\t\t\t<\/div>\n\t\t<div class=\"elementor-element elementor-element-a7fd786 e-con-full e-flex e-con e-child\" data-id=\"a7fd786\" data-element_type=\"container\">\n\t\t\t\t<div class=\"elementor-element elementor-element-9617282 elementor-widget elementor-widget-tp-heading\" data-id=\"9617282\" data-element_type=\"widget\" data-widget_type=\"tp-heading.default\">\n\t\t\t\t<div class=\"elementor-widget-container\">\n\t\t\t\t\t\r\n\t\t\r\n            <div class=\"section__title\">\r\n\r\n                \r\n                <h2 class=\"title\"><h5>Coordonn\u00e9es <\/h2>\r\n                \r\n            <\/div>\r\n\r\n        \r\n        \t\t\t\t<\/div>\n\t\t\t\t<\/div>\n\t\t\t\t<div class=\"elementor-element elementor-element-9156694 elementor-widget elementor-widget-tp-heading\" data-id=\"9156694\" data-element_type=\"widget\" data-widget_type=\"tp-heading.default\">\n\t\t\t\t<div class=\"elementor-widget-container\">\n\t\t\t\t\t\r\n\t\t\r\n            <div class=\"section__title\">\r\n\r\n                \r\n                \r\n                                    <p class=\"desc\"><a href=\"mailto:contact@etnprto.ma\">E-mail: contact@etnprto.ma<\/a><br>\n<a href=\"tel:+1 (252) 203-0303\">T\u00e9l\u00e9phone: +1 (252) 203-0303\n<\/a><br>\n<a href=\"tel:+1 (252) 203-0303\">Adresse: NM 87120 US\n<\/a>\n\n<\/p>\r\n                \r\n            <\/div>\r\n\r\n        \r\n        \t\t\t\t<\/div>\n\t\t\t\t<\/div>\n\t\t\t\t<\/div>\n\t\t\t\t\t<\/div>\n\t\t\t\t<\/div>\n\t\t<div class=\"elementor-element elementor-element-ce9bf61 e-flex e-con-boxed e-con e-parent\" data-id=\"ce9bf61\" data-element_type=\"container\">\n\t\t\t\t\t<div class=\"e-con-inner\">\n\t\t<div class=\"elementor-element elementor-element-643d3f0 e-con-full e-flex e-con e-child\" data-id=\"643d3f0\" data-element_type=\"container\">\n\t\t\t\t<div class=\"elementor-element elementor-element-05a4555 elementor-widget elementor-widget-tp-heading\" data-id=\"05a4555\" data-element_type=\"widget\" data-widget_type=\"tp-heading.default\">\n\t\t\t\t<div class=\"elementor-widget-container\">\n\t\t\t\t\t\r\n\t\t\r\n            <div class=\"section__title\">\r\n\r\n                \r\n                \r\n                                    <p class=\"desc\"><p>Copyright \u00a9 2025 etnpro. Tous droits r\u00e9serv\u00e9s. Version&nbsp;: 1.6.3<\/p><\/p>\r\n                \r\n            <\/div>\r\n\r\n        \r\n        \t\t\t\t<\/div>\n\t\t\t\t<\/div>\n\t\t\t\t<\/div>\n\t\t<div class=\"elementor-element elementor-element-a590598 e-con-full e-flex e-con e-child\" data-id=\"a590598\" data-element_type=\"container\">\n\t\t\t\t<div class=\"elementor-element elementor-element-ee50e49 elementor-widget elementor-widget-tp-heading\" data-id=\"ee50e49\" data-element_type=\"widget\" data-widget_type=\"tp-heading.default\">\n\t\t\t\t<div class=\"elementor-widget-container\">\n\t\t\t\t\t\r\n\t\t\r\n            <div class=\"section__title\">\r\n\r\n                \r\n                \r\n                                    <p class=\"desc\"><a href=\"https:\/\/etnpro.com\/?page_id=986&amp;lang=fr\">Politique de Confidentialit\u00e9\n<\/a><\/p>\r\n                \r\n            <\/div>\r\n\r\n        \r\n        \t\t\t\t<\/div>\n\t\t\t\t<\/div>\n\t\t\t\t<\/div>\n\t\t\t\t\t<\/div>\n\t\t\t\t<\/div>\n\t\t\t\t<\/div>\n\t\t","protected":false},"excerpt":{"rendered":"<p>Qu\u2019est-ce qu\u2019une tontine ? Une tontine est un syst\u00e8me d\u2019organisation entre personnes de confiance \u2014 amis, coll\u00e8gues, proches ou membres d\u2019une m\u00eame communaut\u00e9 \u2014 permettant de planifier collectivement des projets financiers \u00e0 travers un engagement mutuel. Son fondement repose sur la solidarit\u00e9, la confiance, et l\u2019organisation entre membres, sans intervention d\u2019un organisme ext\u00e9rieur. Ce mod\u00e8le [&hellip;]<\/p>\n","protected":false},"author":1,"featured_media":0,"parent":0,"menu_order":0,"comment_status":"closed","ping_status":"closed","template":"","meta":{"_acf_changed":false,"footnotes":""},"class_list":["post-617","page","type-page","status-publish","hentry"],"acf":[],"_links":{"self":[{"href":"https:\/\/etnpro.com\/index.php?rest_route=\/wp\/v2\/pages\/617","targetHints":{"allow":["GET"]}}],"collection":[{"href":"https:\/\/etnpro.com\/index.php?rest_route=\/wp\/v2\/pages"}],"about":[{"href":"https:\/\/etnpro.com\/index.php?rest_route=\/wp\/v2\/types\/page"}],"author":[{"embeddable":true,"href":"https:\/\/etnpro.com\/index.php?rest_route=\/wp\/v2\/users\/1"}],"replies":[{"embeddable":true,"href":"https:\/\/etnpro.com\/index.php?rest_route=%2Fwp%2Fv2%2Fcomments&post=617"}],"version-history":[{"count":12,"href":"https:\/\/etnpro.com\/index.php?rest_route=\/wp\/v2\/pages\/617\/revisions"}],"predecessor-version":[{"id":1044,"href":"https:\/\/etnpro.com\/index.php?rest_route=\/wp\/v2\/pages\/617\/revisions\/1044"}],"wp:attachment":[{"href":"https:\/\/etnpro.com\/index.php?rest_route=%2Fwp%2Fv2%2Fmedia&parent=617"}],"curies":[{"name":"wp","href":"https:\/\/api.w.org\/{rel}","templated":true}]}}