{"id":647,"date":"2025-07-31T15:42:10","date_gmt":"2025-07-31T15:42:10","guid":{"rendered":"https:\/\/etnpro.com\/?page_id=647"},"modified":"2025-08-04T14:32:54","modified_gmt":"2025-08-04T14:32:54","slug":"historial","status":"publish","type":"page","link":"https:\/\/etnpro.com\/?page_id=647&lang=es","title":{"rendered":"Historial"},"content":{"rendered":"\t\t<div data-elementor-type=\"wp-page\" data-elementor-id=\"647\" class=\"elementor elementor-647\">\n\t\t\t\t<div class=\"elementor-element elementor-element-c454319 e-con-full e-flex e-con e-parent\" data-id=\"c454319\" data-element_type=\"container\">\n\t\t<div class=\"elementor-element elementor-element-44b2061 e-con-full e-flex e-con e-child\" data-id=\"44b2061\" data-element_type=\"container\">\n\t\t\t\t<div class=\"elementor-element elementor-element-00fb4b0 elementor-widget elementor-widget-tp-heading\" data-id=\"00fb4b0\" data-element_type=\"widget\" data-widget_type=\"tp-heading.default\">\n\t\t\t\t<div class=\"elementor-widget-container\">\n\t\t\t\t\t\r\n\t\t\r\n            <div class=\"section__title\">\r\n\r\n                <span class=\"sub-title tg-text-gradient\">\u00bfQu\u00e9 es una tontina?<\/span>\r\n                \r\n                                    <p class=\"desc\">Una tontina es un sistema de organizaci\u00f3n entre personas de confianza \u2014 amigos, colegas, familiares o miembros de una misma comunidad \u2014 que permite planificar colectivamente proyectos financieros mediante un compromiso mutuo.<br>\nSu fundamento se basa en la solidaridad, la confianza y la organizaci\u00f3n entre los miembros, sin la intervenci\u00f3n de un organismo externo.<br>\n\nEste modelo de ayuda mutua, practicado en muchas regiones del mundo (\u00c1frica, Asia, Am\u00e9rica Latina\u2026), se presenta en varios formatos.\n<\/p>\r\n                \r\n            <\/div>\r\n\r\n        \r\n        \t\t\t\t<\/div>\n\t\t\t\t<\/div>\n\t\t\t\t<div class=\"elementor-element elementor-element-9776c1a elementor-widget elementor-widget-tp-heading\" data-id=\"9776c1a\" data-element_type=\"widget\" data-widget_type=\"tp-heading.default\">\n\t\t\t\t<div class=\"elementor-widget-container\">\n\t\t\t\t\t\r\n\t\t\r\n            <div class=\"section__title\">\r\n\r\n                <span class=\"sub-title tg-text-gradient\">Tontina rotativa<\/span>\r\n                \r\n                                    <p class=\"desc\">En este formato, los miembros contribuyen a intervalos regulares. En cada ciclo, uno de ellos recibe el fondo com\u00fan, seg\u00fan un orden definido o sorteado por los propios miembros.<br>\nEste mecanismo permite que cada persona obtenga una suma importante para realizar un proyecto personal o familiar, por turnos.\n<\/p>\r\n                \r\n            <\/div>\r\n\r\n        \r\n        \t\t\t\t<\/div>\n\t\t\t\t<\/div>\n\t\t\t\t<div class=\"elementor-element elementor-element-b8201a5 elementor-widget elementor-widget-tp-heading\" data-id=\"b8201a5\" data-element_type=\"widget\" data-widget_type=\"tp-heading.default\">\n\t\t\t\t<div class=\"elementor-widget-container\">\n\t\t\t\t\t\r\n\t\t\r\n            <div class=\"section__title\">\r\n\r\n                <span class=\"sub-title tg-text-gradient\">Tontina de acumulaci\u00f3n<\/span>\r\n                \r\n                                    <p class=\"desc\">Aqu\u00ed, las contribuciones de los miembros se conservan de forma colectiva. Una vez que el monto acumulado es suficiente, los miembros deciden conjuntamente el uso de los fondos, a menudo en forma de adelanto o pr\u00e9stamo entre los miembros, con condiciones acordadas de antemano.<br>\nLas decisiones son colegiadas, y no se realiza ninguna transferencia por parte de un tercero: todo se basa en la gesti\u00f3n interna y mutua entre los participantes.\n<\/p>\r\n                \r\n            <\/div>\r\n\r\n        \r\n        \t\t\t\t<\/div>\n\t\t\t\t<\/div>\n\t\t\t\t<\/div>\n\t\t<div class=\"elementor-element elementor-element-fc1765a e-con-full e-flex e-con e-child\" data-id=\"fc1765a\" data-element_type=\"container\">\n\t\t\t\t<div class=\"elementor-element elementor-element-3ee9f4f elementor-widget elementor-widget-image\" data-id=\"3ee9f4f\" data-element_type=\"widget\" data-widget_type=\"image.default\">\n\t\t\t\t\t\t\t\t\t\t\t\t\t\t\t<img fetchpriority=\"high\" decoding=\"async\" width=\"640\" height=\"640\" src=\"https:\/\/etnpro.com\/wp-content\/uploads\/2025\/07\/ChatGPT-Image-29-juil.-2025-20_15_50.png\" class=\"attachment-large size-large wp-image-525\" alt=\"\" srcset=\"https:\/\/etnpro.com\/wp-content\/uploads\/2025\/07\/ChatGPT-Image-29-juil.-2025-20_15_50.png 1024w, https:\/\/etnpro.com\/wp-content\/uploads\/2025\/07\/ChatGPT-Image-29-juil.-2025-20_15_50-300x300.png 300w, https:\/\/etnpro.com\/wp-content\/uploads\/2025\/07\/ChatGPT-Image-29-juil.-2025-20_15_50-150x150.png 150w, https:\/\/etnpro.com\/wp-content\/uploads\/2025\/07\/ChatGPT-Image-29-juil.-2025-20_15_50-768x768.png 768w\" sizes=\"(max-width: 640px) 100vw, 640px\" \/>\t\t\t\t\t\t\t\t\t\t\t\t\t\t\t<\/div>\n\t\t\t\t<\/div>\n\t\t\t\t<\/div>\n\t\t<div class=\"elementor-element elementor-element-8df4805 e-flex e-con-boxed e-con e-parent\" data-id=\"8df4805\" data-element_type=\"container\">\n\t\t\t\t\t<div class=\"e-con-inner\">\n\t\t\t\t<div class=\"elementor-element elementor-element-eb381ff elementor-widget elementor-widget-tp-heading\" data-id=\"eb381ff\" data-element_type=\"widget\" data-widget_type=\"tp-heading.default\">\n\t\t\t\t<div class=\"elementor-widget-container\">\n\t\t\t\t\t\r\n\t\t\r\n            <div class=\"section__title\">\r\n\r\n                <span class=\"sub-title tg-text-gradient\">ETNPro: una herramienta digital colaborativa<\/span>\r\n                \r\n                                    <p class=\"desc\">La plataforma ETNPro nunca interviene en la gesti\u00f3n de los fondos ni en los flujos financieros entre los miembros.<br>\nSe limita a conectar personas de confianza y a proporcionar un marco seguro para la organizaci\u00f3n, planificaci\u00f3n y comunicaci\u00f3n.\n<\/p>\r\n                \r\n            <\/div>\r\n\r\n        \r\n        \t\t\t\t<\/div>\n\t\t\t\t<\/div>\n\t\t\t\t\t<\/div>\n\t\t\t\t<\/div>\n\t\t<div class=\"elementor-element elementor-element-0240650 e-flex e-con-boxed e-con e-parent\" data-id=\"0240650\" data-element_type=\"container\">\n\t\t\t\t\t<div class=\"e-con-inner\">\n\t\t<div class=\"elementor-element elementor-element-5ddca80 e-con-full e-flex e-con e-child\" data-id=\"5ddca80\" data-element_type=\"container\">\n\t\t\t\t<div class=\"elementor-element elementor-element-3b42c8c elementor-widget elementor-widget-image\" data-id=\"3b42c8c\" data-element_type=\"widget\" data-widget_type=\"image.default\">\n\t\t\t\t\t\t\t\t\t\t\t\t\t\t\t<img decoding=\"async\" width=\"182\" height=\"56\" src=\"https:\/\/etnpro.com\/wp-content\/uploads\/2025\/08\/Tontine.svg\" class=\"attachment-large size-large wp-image-766\" alt=\"\" \/>\t\t\t\t\t\t\t\t\t\t\t\t\t\t\t<\/div>\n\t\t\t\t<div class=\"elementor-element elementor-element-473df04 elementor-widget elementor-widget-tp-heading\" data-id=\"473df04\" data-element_type=\"widget\" data-widget_type=\"tp-heading.default\">\n\t\t\t\t<div class=\"elementor-widget-container\">\n\t\t\t\t\t\r\n\t\t\r\n            <div class=\"section__title\">\r\n\r\n                \r\n                \r\n                                    <p class=\"desc\">ETNPro. El poder de la comunidad en tus manos.  \nDescarga la aplicaci\u00f3n y crea o \u00fanete a un grupo de confianza.  \nSimple, directo, sin costos ocultos ni intermediarios financieros.<\/p>\r\n                \r\n            <\/div>\r\n\r\n        \r\n        \t\t\t\t<\/div>\n\t\t\t\t<\/div>\n\t\t\t\t<\/div>\n\t\t<div class=\"elementor-element elementor-element-511f985 e-con-full e-flex e-con e-child\" data-id=\"511f985\" data-element_type=\"container\">\n\t\t\t\t<div class=\"elementor-element elementor-element-1b7bea1 elementor-widget elementor-widget-tp-heading\" data-id=\"1b7bea1\" data-element_type=\"widget\" data-widget_type=\"tp-heading.default\">\n\t\t\t\t<div class=\"elementor-widget-container\">\n\t\t\t\t\t\r\n\t\t\r\n            <div class=\"section__title\">\r\n\r\n                \r\n                <h2 class=\"title\"><h5>Enlace r\u00e1pido<\/h2>\r\n                                    <p class=\"desc\"><a href=\"https:\/\/etnpro.com\/?page_id=639&amp;lang=es\">Inicio<\/a><br>\n<a href=\"https:\/\/etnpro.com\/?page_id=647&amp;lang=es\">Historial<\/a><br>\n<a href=\"https:\/\/etnpro.com\/?page_id=653&amp;lang=es\">\u00bfC\u00f3mo funciona?<\/a><br>\n<a href=\"https:\/\/etnpro.com\/?page_id=663&amp;lang=es\">Convi\u00e9rtete en distribuidor<\/a><br>\n<a href=\"https:\/\/etnpro.com\/?page_id=658&amp;lang=es\">T&amp;C<\/a><\/p>\r\n                \r\n            <\/div>\r\n\r\n        \r\n        \t\t\t\t<\/div>\n\t\t\t\t<\/div>\n\t\t\t\t<\/div>\n\t\t<div class=\"elementor-element elementor-element-3d7ba0e e-con-full e-flex e-con e-child\" data-id=\"3d7ba0e\" data-element_type=\"container\">\n\t\t\t\t<div class=\"elementor-element elementor-element-e4bc2d8 elementor-widget elementor-widget-tp-heading\" data-id=\"e4bc2d8\" data-element_type=\"widget\" data-widget_type=\"tp-heading.default\">\n\t\t\t\t<div class=\"elementor-widget-container\">\n\t\t\t\t\t\r\n\t\t\r\n            <div class=\"section__title\">\r\n\r\n                \r\n                <h2 class=\"title\"><h5> Informaci\u00f3n de contacto<\/h2>\r\n                \r\n            <\/div>\r\n\r\n        \r\n        \t\t\t\t<\/div>\n\t\t\t\t<\/div>\n\t\t\t\t<div class=\"elementor-element elementor-element-1859cb8 elementor-widget elementor-widget-tp-heading\" data-id=\"1859cb8\" data-element_type=\"widget\" data-widget_type=\"tp-heading.default\">\n\t\t\t\t<div class=\"elementor-widget-container\">\n\t\t\t\t\t\r\n\t\t\r\n            <div class=\"section__title\">\r\n\r\n                \r\n                \r\n                                    <p class=\"desc\"><a href=\"mailto:contact@etnprto.ma\">Email: contact@etnprto.ma<\/a><br>\n<a href=\"tel:+1 (252) 203-0303\">Tel\u00e9fono: +1 (252) 203-0303\n<\/a><br>\n<a href=\"tel:+1 (252) 203-0303\">Direcci\u00f3n: NM 87120 US\n<\/a>\n\n<\/p>\r\n                \r\n            <\/div>\r\n\r\n        \r\n        \t\t\t\t<\/div>\n\t\t\t\t<\/div>\n\t\t\t\t<\/div>\n\t\t\t\t\t<\/div>\n\t\t\t\t<\/div>\n\t\t<div class=\"elementor-element elementor-element-00156ef e-flex e-con-boxed e-con e-parent\" data-id=\"00156ef\" data-element_type=\"container\">\n\t\t\t\t\t<div class=\"e-con-inner\">\n\t\t<div class=\"elementor-element elementor-element-0f2edf4 e-con-full e-flex e-con e-child\" data-id=\"0f2edf4\" data-element_type=\"container\">\n\t\t\t\t<div class=\"elementor-element elementor-element-dc3f45a elementor-widget elementor-widget-tp-heading\" data-id=\"dc3f45a\" data-element_type=\"widget\" data-widget_type=\"tp-heading.default\">\n\t\t\t\t<div class=\"elementor-widget-container\">\n\t\t\t\t\t\r\n\t\t\r\n            <div class=\"section__title\">\r\n\r\n                \r\n                \r\n                                    <p class=\"desc\"><p>Copyright \u00a9 2025 etnpro. Todos los derechos reservados. Versi\u00f3n&nbsp;: 1.6.3<\/p>\n<\/p>\r\n                \r\n            <\/div>\r\n\r\n        \r\n        \t\t\t\t<\/div>\n\t\t\t\t<\/div>\n\t\t\t\t<\/div>\n\t\t<div class=\"elementor-element elementor-element-587a5d1 e-con-full e-flex e-con e-child\" data-id=\"587a5d1\" data-element_type=\"container\">\n\t\t\t\t<div class=\"elementor-element elementor-element-7d666df elementor-widget elementor-widget-tp-heading\" data-id=\"7d666df\" data-element_type=\"widget\" data-widget_type=\"tp-heading.default\">\n\t\t\t\t<div class=\"elementor-widget-container\">\n\t\t\t\t\t\r\n\t\t\r\n            <div class=\"section__title\">\r\n\r\n                \r\n                \r\n                                    <p class=\"desc\"><a href=\"https:\/\/etnpro.com\/?page_id=1005&amp;lang=es\">Pol\u00edtica de Privacidad\n\n<\/a><\/p>\r\n                \r\n            <\/div>\r\n\r\n        \r\n        \t\t\t\t<\/div>\n\t\t\t\t<\/div>\n\t\t\t\t<\/div>\n\t\t\t\t\t<\/div>\n\t\t\t\t<\/div>\n\t\t\t\t<\/div>\n\t\t","protected":false},"excerpt":{"rendered":"<p>\u00bfQu\u00e9 es una tontina? Una tontina es un sistema de organizaci\u00f3n entre personas de confianza \u2014 amigos, colegas, familiares o miembros de una misma comunidad \u2014 que permite planificar colectivamente proyectos financieros mediante un compromiso mutuo. Su fundamento se basa en la solidaridad, la confianza y la organizaci\u00f3n entre los miembros, sin la intervenci\u00f3n de [&hellip;]<\/p>\n","protected":false},"author":1,"featured_media":0,"parent":0,"menu_order":0,"comment_status":"closed","ping_status":"closed","template":"","meta":{"_acf_changed":false,"footnotes":""},"class_list":["post-647","page","type-page","status-publish","hentry"],"acf":[],"_links":{"self":[{"href":"https:\/\/etnpro.com\/index.php?rest_route=\/wp\/v2\/pages\/647","targetHints":{"allow":["GET"]}}],"collection":[{"href":"https:\/\/etnpro.com\/index.php?rest_route=\/wp\/v2\/pages"}],"about":[{"href":"https:\/\/etnpro.com\/index.php?rest_route=\/wp\/v2\/types\/page"}],"author":[{"embeddable":true,"href":"https:\/\/etnpro.com\/index.php?rest_route=\/wp\/v2\/users\/1"}],"replies":[{"embeddable":true,"href":"https:\/\/etnpro.com\/index.php?rest_route=%2Fwp%2Fv2%2Fcomments&post=647"}],"version-history":[{"count":14,"href":"https:\/\/etnpro.com\/index.php?rest_route=\/wp\/v2\/pages\/647\/revisions"}],"predecessor-version":[{"id":1062,"href":"https:\/\/etnpro.com\/index.php?rest_route=\/wp\/v2\/pages\/647\/revisions\/1062"}],"wp:attachment":[{"href":"https:\/\/etnpro.com\/index.php?rest_route=%2Fwp%2Fv2%2Fmedia&parent=647"}],"curies":[{"name":"wp","href":"https:\/\/api.w.org\/{rel}","templated":true}]}}