{"id":663,"date":"2025-07-31T18:48:18","date_gmt":"2025-07-31T18:48:18","guid":{"rendered":"https:\/\/etnpro.com\/?page_id=663"},"modified":"2025-08-04T14:33:07","modified_gmt":"2025-08-04T14:33:07","slug":"conviertete-en-distribuidor","status":"publish","type":"page","link":"https:\/\/etnpro.com\/?page_id=663&lang=es","title":{"rendered":"Convi\u00e9rtete en distribuidor"},"content":{"rendered":"\t\t<div data-elementor-type=\"wp-page\" data-elementor-id=\"663\" class=\"elementor elementor-663\">\n\t\t\t\t<div class=\"elementor-element elementor-element-6f6ff24 e-flex e-con-boxed e-con e-parent\" data-id=\"6f6ff24\" data-element_type=\"container\">\n\t\t\t\t\t<div class=\"e-con-inner\">\n\t\t<div class=\"elementor-element elementor-element-0ab1242 e-con-full e-flex e-con e-child\" data-id=\"0ab1242\" data-element_type=\"container\">\n\t\t\t\t<div class=\"elementor-element elementor-element-3ee82cb elementor-widget elementor-widget-tp-heading\" data-id=\"3ee82cb\" data-element_type=\"widget\" data-widget_type=\"tp-heading.default\">\n\t\t\t\t<div class=\"elementor-widget-container\">\n\t\t\t\t\t\r\n\t\t\r\n            <div class=\"section__title\">\r\n\r\n                <span class=\"sub-title tg-text-gradient\">Convi\u00e9rtete en socio de ETNPro<\/span>\r\n                \r\n                                    <p class=\"desc\">\u00bfEres comerciante, emprendedor o simplemente est\u00e1s motivado?  \n\u00danete a nuestra red de socios y ofrece a tu comunidad un acceso facilitado a ETNPro.<br><br>\n\nComo socio, acompa\u00f1ar\u00e1s a nuevos usuarios en su registro y uso de la aplicaci\u00f3n.<br>\nPor cada activaci\u00f3n exitosa a trav\u00e9s de tu enlace o c\u00f3digo de socio, recibir\u00e1s una recompensa transparente seg\u00fan nuestras condiciones.<br><br>\n\nNo se te solicitar\u00e1 manejar dinero alguno. Todas las transacciones son seguras y gestionadas directamente por los usuarios.<br><br>\n\n\u00bfInteresado? Cont\u00e1ctanos para recibir tu acceso como socio.<\/h4>\n<\/p>\r\n                \r\n            <\/div>\r\n\r\n        \r\n        \t\t\t\t<\/div>\n\t\t\t\t<\/div>\n\t\t\t\t<\/div>\n\t\t<div class=\"elementor-element elementor-element-08de5c7 e-con-full e-flex e-con e-child\" data-id=\"08de5c7\" data-element_type=\"container\">\n\t\t\t\t<div class=\"elementor-element elementor-element-ae6d133 elementor-widget elementor-widget-shortcode\" data-id=\"ae6d133\" data-element_type=\"widget\" data-widget_type=\"shortcode.default\">\n\t\t\t\t\t\t\t<div class=\"elementor-shortcode\"><div class=\"frm_forms  with_frm_style frm_style_formidable-style\" id=\"frm_form_4_container\" data-token=\"de4b4870e38d41114355d14fec3f40bd\">\n<form enctype=\"multipart\/form-data\" method=\"post\" class=\"frm-show-form  frm_pro_form \" id=\"form_resseler-en3\" data-token=\"de4b4870e38d41114355d14fec3f40bd\">\n<div class=\"frm_form_fields \">\n<fieldset>\n<legend class=\"frm_screen_reader\">resseler - es<\/legend>\r\n\r\n<div class=\"frm_fields_container\">\n<input type=\"hidden\" name=\"frm_action\" value=\"create\" \/>\n<input type=\"hidden\" name=\"form_id\" value=\"4\" \/>\n<input type=\"hidden\" name=\"frm_hide_fields_4\" id=\"frm_hide_fields_4\" value=\"\" \/>\n<input type=\"hidden\" name=\"form_key\" value=\"resseler-en3\" \/>\n<input type=\"hidden\" name=\"item_meta[0]\" value=\"\" \/>\n<input type=\"hidden\" id=\"frm_submit_entry_4\" name=\"frm_submit_entry_4\" value=\"8b4fc63156\" \/><input type=\"hidden\" name=\"_wp_http_referer\" value=\"\/index.php?rest_route=%2Fwp%2Fv2%2Fpages%2F663\" \/><div id=\"frm_field_20_container\" class=\"frm_form_field form-field  frm_required_field frm_top_container frm6 frm_first\">\r\n\t<label for=\"field_xos2v3\" id=\"field_xos2v3_label\" class=\"frm_primary_label\">Nombre completo\r\n\t\t<span class=\"frm_required\" aria-hidden=\"true\">*<\/span>\r\n\t<\/label>\r\n\t<input  type=\"text\" id=\"field_xos2v3\" name=\"item_meta[20]\" value=\"\"  data-reqmsg=\"Nombre completo ne peut pas \u00eatre vide.\" aria-required=\"true\" data-invmsg=\"Nombre completo est non valide\" aria-invalid=\"false\"   \/>\r\n\t\r\n\t\r\n<\/div>\n<div id=\"frm_field_21_container\" class=\"frm_form_field form-field  frm_required_field frm_top_container frm6\">\r\n\t<label for=\"field_ikhrl3\" id=\"field_ikhrl3_label\" class=\"frm_primary_label\">Correo electr\u00f3nico\r\n\t\t<span class=\"frm_required\" aria-hidden=\"true\">*<\/span>\r\n\t<\/label>\r\n\t<input type=\"email\" id=\"field_ikhrl3\" name=\"item_meta[21]\" value=\"\"  autocomplete=\"email\"  data-reqmsg=\"Correo electr\u00f3nico ne peut pas \u00eatre vide.\" aria-required=\"true\" data-invmsg=\"Correo electr\u00f3nico est non valide\" aria-invalid=\"false\"  \/>\r\n\t\r\n\t\r\n<\/div>\n<div id=\"frm_field_22_container\" class=\"frm_form_field form-field  frm_required_field frm_top_container frm6 frm_first\">\r\n\t<label for=\"field_zxtgt3\" id=\"field_zxtgt3_label\" class=\"frm_primary_label\">N\u00famero de WhatsApp (con c\u00f3digo de pa\u00eds)\r\n\t\t<span class=\"frm_required\" aria-hidden=\"true\">*<\/span>\r\n\t<\/label>\r\n\t<input type=\"tel\" id=\"field_zxtgt3\" name=\"item_meta[22]\" value=\"\"  data-reqmsg=\"N\u00famero de WhatsApp (con c\u00f3digo de pa\u00eds) ne peut pas \u00eatre vide.\" aria-required=\"true\" data-invmsg=\"N\u00famero de WhatsApp (con c\u00f3digo de pa\u00eds) est non valide\" aria-invalid=\"false\" pattern=\"((\\+\\d{1,3}(-|.| )?\\(?\\d\\)?(-| |.)?\\d{1,5})|(\\(?\\d{2,6}\\)?))(-|.| )?(\\d{3,4})(-|.| )?(\\d{4})(( x| ext)\\d{1,5}){0,1}$\"  \/>\r\n\t\r\n\t\r\n<\/div>\n<div id=\"frm_field_23_container\" class=\"frm_form_field form-field  frm_required_field frm_top_container frm6\">\r\n\t<label for=\"field_pr2fx3\" id=\"field_pr2fx3_label\" class=\"frm_primary_label\">Pa\u00eds\r\n\t\t<span class=\"frm_required\" aria-hidden=\"true\">*<\/span>\r\n\t<\/label>\r\n\t<input  type=\"text\" id=\"field_pr2fx3\" name=\"item_meta[23]\" value=\"\"  data-reqmsg=\"Pa\u00eds ne peut pas \u00eatre vide.\" aria-required=\"true\" data-invmsg=\"Pa\u00eds est non valide\" aria-invalid=\"false\"   \/>\r\n\t\r\n\t\r\n<\/div>\n<div id=\"frm_field_24_container\" class=\"frm_form_field form-field  frm_required_field frm_top_container\">\r\n\t<label for=\"field_oqqm33\" id=\"field_oqqm33_label\" class=\"frm_primary_label\">Mensaje\r\n\t\t<span class=\"frm_required\" aria-hidden=\"true\">*<\/span>\r\n\t<\/label>\r\n\t<textarea data-auto-grow=\"1\"  name=\"item_meta[24]\" id=\"field_oqqm33\" rows=\"5\"  data-frmval=\"Hola,\r\n\r\nMe gustar\u00eda convertirme en socio de la plataforma ETNPro para ofrecer su soluci\u00f3n a mi comunidad.\r\nAqu\u00ed est\u00e1n mis datos:\r\n\r\nNombre completo:\r\n\r\nCorreo electr\u00f3nico:\r\n\r\nWhatsApp:\r\n\r\nPa\u00eds:\r\n\r\nEstoy interesado en su programa de asociaci\u00f3n y me gustar\u00eda recibir los detalles para obtener mi acceso como socio y comenzar a recomendar la plataforma.\r\nGracias por contactarme a la brevedad.\r\n\r\nAtentamente,\r\n[Nombre completo]\" data-reqmsg=\"Mensaje ne peut pas \u00eatre vide.\" aria-required=\"true\" data-invmsg=\"Mensaje est non valide\" aria-invalid=\"false\"  >Hola,\r\n\r\nMe gustar\u00eda convertirme en socio de la plataforma ETNPro para ofrecer su soluci\u00f3n a mi comunidad.\r\nAqu\u00ed est\u00e1n mis datos:\r\n\r\nNombre completo:\r\n\r\nCorreo electr\u00f3nico:\r\n\r\nWhatsApp:\r\n\r\nPa\u00eds:\r\n\r\nEstoy interesado en su programa de asociaci\u00f3n y me gustar\u00eda recibir los detalles para obtener mi acceso como socio y comenzar a recomendar la plataforma.\r\nGracias por contactarme a la brevedad.\r\n\r\nAtentamente,\r\n[Nombre completo]<\/textarea>\r\n\t\r\n\t\r\n<\/div>\n<div id=\"frm_field_25_container\" class=\"frm_form_field form-field  frm_none_container frm12 frm_first\">\r\n\t<label for=\"g-recaptcha-response\" id=\"field_682le3_label\" class=\"frm_primary_label\">Captcha\r\n\t\t<span class=\"frm_required\" aria-hidden=\"true\"><\/span>\r\n\t<\/label>\r\n\t<div  id=\"field_682le3\" class=\"frm-g-recaptcha\" data-sitekey=\"6LdodJcrAAAAAMW3J8FHesaDvHt4Y1MBNPXoQJwg\" data-size=\"normal\" data-theme=\"light\"><\/div>\r\n\t\r\n\t\r\n<\/div>\n<div id=\"frm_field_26_container\" class=\"frm_form_field form-field  frm12 frm_first\">\r\n\t<div class=\"frm_submit frm_flex\">\r\n<button class=\"frm_button_submit frm_final_submit\" type=\"submit\"   formnovalidate=\"formnovalidate\">Enviar<\/button>\r\n\r\n\r\n\r\n<\/div>\r\n<\/div>\n\t<input type=\"hidden\" name=\"item_key\" value=\"\" \/>\n\t\t\t<div id=\"frm_field_41_container\">\n\t\t\t<label for=\"field_wdpyf\" >\n\t\t\t\tSi vous \u00eates un humain, ne remplissez pas ce champ.\t\t\t<\/label>\n\t\t\t<input  id=\"field_wdpyf\" type=\"text\" class=\"frm_form_field form-field frm_verify\" name=\"item_meta[41]\" value=\"\"  \/>\n\t\t<\/div>\n\t\t<input name=\"frm_state\" type=\"hidden\" value=\"TP5S9vH6vLppCrOBRjlt9jiFei6FT1Nshoso7enWJL2dUOC9q9ycIYcyP2MN\/pUs\" \/><\/div>\n<\/fieldset>\n<\/div>\n\n<\/form>\n<\/div>\n<\/div>\n\t\t\t\t\t\t<\/div>\n\t\t\t\t<\/div>\n\t\t\t\t\t<\/div>\n\t\t\t\t<\/div>\n\t\t<div class=\"elementor-element elementor-element-88d5bf8 e-flex e-con-boxed e-con e-parent\" data-id=\"88d5bf8\" data-element_type=\"container\">\n\t\t\t\t\t<div class=\"e-con-inner\">\n\t\t<div class=\"elementor-element elementor-element-a2c8108 e-con-full e-flex e-con e-child\" data-id=\"a2c8108\" data-element_type=\"container\">\n\t\t\t\t<div class=\"elementor-element elementor-element-88c12b4 elementor-widget elementor-widget-image\" data-id=\"88c12b4\" data-element_type=\"widget\" data-widget_type=\"image.default\">\n\t\t\t\t\t\t\t\t\t\t\t\t\t\t\t<img decoding=\"async\" width=\"182\" height=\"56\" src=\"https:\/\/etnpro.com\/wp-content\/uploads\/2025\/08\/Tontine.svg\" class=\"attachment-large size-large wp-image-766\" alt=\"\" \/>\t\t\t\t\t\t\t\t\t\t\t\t\t\t\t<\/div>\n\t\t\t\t<div class=\"elementor-element elementor-element-8f42d34 elementor-widget elementor-widget-tp-heading\" data-id=\"8f42d34\" data-element_type=\"widget\" data-widget_type=\"tp-heading.default\">\n\t\t\t\t<div class=\"elementor-widget-container\">\n\t\t\t\t\t\r\n\t\t\r\n            <div class=\"section__title\">\r\n\r\n                \r\n                \r\n                                    <p class=\"desc\">ETNPro. El poder de la comunidad en tus manos.  \nDescarga la aplicaci\u00f3n y crea o \u00fanete a un grupo de confianza.  \nSimple, directo, sin costos ocultos ni intermediarios financieros.<\/p>\r\n                \r\n            <\/div>\r\n\r\n        \r\n        \t\t\t\t<\/div>\n\t\t\t\t<\/div>\n\t\t\t\t<\/div>\n\t\t<div class=\"elementor-element elementor-element-0771760 e-con-full e-flex e-con e-child\" data-id=\"0771760\" data-element_type=\"container\">\n\t\t\t\t<div class=\"elementor-element elementor-element-0a15eb0 elementor-widget elementor-widget-tp-heading\" data-id=\"0a15eb0\" data-element_type=\"widget\" data-widget_type=\"tp-heading.default\">\n\t\t\t\t<div class=\"elementor-widget-container\">\n\t\t\t\t\t\r\n\t\t\r\n            <div class=\"section__title\">\r\n\r\n                \r\n                <h2 class=\"title\"><h5>Enlace r\u00e1pido<\/h2>\r\n                                    <p class=\"desc\"><a href=\"https:\/\/etnpro.com\/?page_id=639&amp;lang=es\">Inicio<\/a><br>\n<a href=\"https:\/\/etnpro.com\/?page_id=647&amp;lang=es\">Historial<\/a><br>\n<a href=\"https:\/\/etnpro.com\/?page_id=653&amp;lang=es\">\u00bfC\u00f3mo funciona?<\/a><br>\n<a href=\"https:\/\/etnpro.com\/?page_id=663&amp;lang=es\">Convi\u00e9rtete en distribuidor<\/a><br>\n<a href=\"https:\/\/etnpro.com\/?page_id=658&amp;lang=es\">T&amp;C<\/a><\/p>\r\n                \r\n            <\/div>\r\n\r\n        \r\n        \t\t\t\t<\/div>\n\t\t\t\t<\/div>\n\t\t\t\t<\/div>\n\t\t<div class=\"elementor-element elementor-element-165f0c3 e-con-full e-flex e-con e-child\" data-id=\"165f0c3\" data-element_type=\"container\">\n\t\t\t\t<div class=\"elementor-element elementor-element-e74dd1f elementor-widget elementor-widget-tp-heading\" data-id=\"e74dd1f\" data-element_type=\"widget\" data-widget_type=\"tp-heading.default\">\n\t\t\t\t<div class=\"elementor-widget-container\">\n\t\t\t\t\t\r\n\t\t\r\n            <div class=\"section__title\">\r\n\r\n                \r\n                <h2 class=\"title\"><h5> Informaci\u00f3n de contacto<\/h2>\r\n                \r\n            <\/div>\r\n\r\n        \r\n        \t\t\t\t<\/div>\n\t\t\t\t<\/div>\n\t\t\t\t<div class=\"elementor-element elementor-element-fafc2c1 elementor-widget elementor-widget-tp-heading\" data-id=\"fafc2c1\" data-element_type=\"widget\" data-widget_type=\"tp-heading.default\">\n\t\t\t\t<div class=\"elementor-widget-container\">\n\t\t\t\t\t\r\n\t\t\r\n            <div class=\"section__title\">\r\n\r\n                \r\n                \r\n                                    <p class=\"desc\"><a href=\"mailto:contact@etnprto.ma\">Email: contact@etnprto.ma<\/a><br>\n<a href=\"tel:+1 (252) 203-0303\">Tel\u00e9fono: +1 (252) 203-0303\n<\/a><br>\n<a href=\"tel:+1 (252) 203-0303\">Direcci\u00f3n: NM 87120 US\n<\/a>\n\n<\/p>\r\n                \r\n            <\/div>\r\n\r\n        \r\n        \t\t\t\t<\/div>\n\t\t\t\t<\/div>\n\t\t\t\t<\/div>\n\t\t\t\t\t<\/div>\n\t\t\t\t<\/div>\n\t\t<div class=\"elementor-element elementor-element-9707179 e-flex e-con-boxed e-con e-parent\" data-id=\"9707179\" data-element_type=\"container\">\n\t\t\t\t\t<div class=\"e-con-inner\">\n\t\t<div class=\"elementor-element elementor-element-6e65847 e-con-full e-flex e-con e-child\" data-id=\"6e65847\" data-element_type=\"container\">\n\t\t\t\t<div class=\"elementor-element elementor-element-98a9aec elementor-widget elementor-widget-tp-heading\" data-id=\"98a9aec\" data-element_type=\"widget\" data-widget_type=\"tp-heading.default\">\n\t\t\t\t<div class=\"elementor-widget-container\">\n\t\t\t\t\t\r\n\t\t\r\n            <div class=\"section__title\">\r\n\r\n                \r\n                \r\n                                    <p class=\"desc\"><p>Copyright \u00a9 2025 etnpro. Todos los derechos reservados. Versi\u00f3n&nbsp;: 1.6.3<\/p>\n<\/p>\r\n                \r\n            <\/div>\r\n\r\n        \r\n        \t\t\t\t<\/div>\n\t\t\t\t<\/div>\n\t\t\t\t<\/div>\n\t\t<div class=\"elementor-element elementor-element-fb7ed41 e-con-full e-flex e-con e-child\" data-id=\"fb7ed41\" data-element_type=\"container\">\n\t\t\t\t<div class=\"elementor-element elementor-element-271f168 elementor-widget elementor-widget-tp-heading\" data-id=\"271f168\" data-element_type=\"widget\" data-widget_type=\"tp-heading.default\">\n\t\t\t\t<div class=\"elementor-widget-container\">\n\t\t\t\t\t\r\n\t\t\r\n            <div class=\"section__title\">\r\n\r\n                \r\n                \r\n                                    <p class=\"desc\"><a href=\"https:\/\/etnpro.com\/?page_id=1005&amp;lang=es\">Pol\u00edtica de Privacidad\n\n<\/a><\/p>\r\n                \r\n            <\/div>\r\n\r\n        \r\n        \t\t\t\t<\/div>\n\t\t\t\t<\/div>\n\t\t\t\t<\/div>\n\t\t\t\t\t<\/div>\n\t\t\t\t<\/div>\n\t\t\t\t<\/div>\n\t\t","protected":false},"excerpt":{"rendered":"<p>Convi\u00e9rtete en socio de ETNPro \u00bfEres comerciante, emprendedor o simplemente est\u00e1s motivado? \u00danete a nuestra red de socios y ofrece a tu comunidad un acceso facilitado a ETNPro. Como socio, acompa\u00f1ar\u00e1s a nuevos usuarios en su registro y uso de la aplicaci\u00f3n. Por cada activaci\u00f3n exitosa a trav\u00e9s de tu enlace o c\u00f3digo de socio, [&hellip;]<\/p>\n","protected":false},"author":1,"featured_media":0,"parent":0,"menu_order":0,"comment_status":"closed","ping_status":"closed","template":"","meta":{"_acf_changed":false,"footnotes":""},"class_list":["post-663","page","type-page","status-publish","hentry"],"acf":[],"_links":{"self":[{"href":"https:\/\/etnpro.com\/index.php?rest_route=\/wp\/v2\/pages\/663","targetHints":{"allow":["GET"]}}],"collection":[{"href":"https:\/\/etnpro.com\/index.php?rest_route=\/wp\/v2\/pages"}],"about":[{"href":"https:\/\/etnpro.com\/index.php?rest_route=\/wp\/v2\/types\/page"}],"author":[{"embeddable":true,"href":"https:\/\/etnpro.com\/index.php?rest_route=\/wp\/v2\/users\/1"}],"replies":[{"embeddable":true,"href":"https:\/\/etnpro.com\/index.php?rest_route=%2Fwp%2Fv2%2Fcomments&post=663"}],"version-history":[{"count":17,"href":"https:\/\/etnpro.com\/index.php?rest_route=\/wp\/v2\/pages\/663\/revisions"}],"predecessor-version":[{"id":1068,"href":"https:\/\/etnpro.com\/index.php?rest_route=\/wp\/v2\/pages\/663\/revisions\/1068"}],"wp:attachment":[{"href":"https:\/\/etnpro.com\/index.php?rest_route=%2Fwp%2Fv2%2Fmedia&parent=663"}],"curies":[{"name":"wp","href":"https:\/\/api.w.org\/{rel}","templated":true}]}}