{"id":685,"date":"2025-07-31T19:08:07","date_gmt":"2025-07-31T19:08:07","guid":{"rendered":"https:\/\/etnpro.com\/?page_id=685"},"modified":"2025-08-04T14:41:56","modified_gmt":"2025-08-04T14:41:56","slug":"verlauf","status":"publish","type":"page","link":"https:\/\/etnpro.com\/?page_id=685&lang=de","title":{"rendered":"Verlauf"},"content":{"rendered":"\t\t<div data-elementor-type=\"wp-page\" data-elementor-id=\"685\" class=\"elementor elementor-685\">\n\t\t\t\t<div class=\"elementor-element elementor-element-c454319 e-con-full e-flex e-con e-parent\" data-id=\"c454319\" data-element_type=\"container\">\n\t\t<div class=\"elementor-element elementor-element-44b2061 e-con-full e-flex e-con e-child\" data-id=\"44b2061\" data-element_type=\"container\">\n\t\t\t\t<div class=\"elementor-element elementor-element-00fb4b0 elementor-widget elementor-widget-tp-heading\" data-id=\"00fb4b0\" data-element_type=\"widget\" data-widget_type=\"tp-heading.default\">\n\t\t\t\t<div class=\"elementor-widget-container\">\n\t\t\t\t\t\r\n\t\t\r\n            <div class=\"section__title\">\r\n\r\n                <span class=\"sub-title tg-text-gradient\">Was ist eine Tontine?<\/span>\r\n                \r\n                                    <p class=\"desc\">Eine Tontine ist ein Organisationssystem unter vertrauensw\u00fcrdigen Personen \u2013 Freunden, Kollegen, Angeh\u00f6rigen oder Mitgliedern derselben Gemeinschaft \u2013, das es erm\u00f6glicht, finanzielle Projekte gemeinsam durch gegenseitige Verpflichtung zu planen.\nDie Grundlage beruht auf Solidarit\u00e4t, Vertrauen und Organisation unter den Mitgliedern, ohne Eingreifen einer externen Institution.<br>\n\nDieses Unterst\u00fctzungsmodell, das in vielen Regionen der Welt (Afrika, Asien, Lateinamerika\u2026) praktiziert wird, gibt es in verschiedenen Formen.<\/p>\r\n                \r\n            <\/div>\r\n\r\n        \r\n        \t\t\t\t<\/div>\n\t\t\t\t<\/div>\n\t\t\t\t<div class=\"elementor-element elementor-element-9776c1a elementor-widget elementor-widget-tp-heading\" data-id=\"9776c1a\" data-element_type=\"widget\" data-widget_type=\"tp-heading.default\">\n\t\t\t\t<div class=\"elementor-widget-container\">\n\t\t\t\t\t\r\n\t\t\r\n            <div class=\"section__title\">\r\n\r\n                <span class=\"sub-title tg-text-gradient\">Rotierende Tontine<\/span>\r\n                \r\n                                    <p class=\"desc\">In diesem Format leisten die Mitglieder in regelm\u00e4\u00dfigen Abst\u00e4nden Beitr\u00e4ge. In jedem Zyklus erh\u00e4lt eines von ihnen den gemeinsamen Topf, entweder nach einer festgelegten Reihenfolge oder durch Losentscheid, den die Mitglieder selbst bestimmen.<br>\nDieser Mechanismus erm\u00f6glicht es jedem, abwechselnd eine betr\u00e4chtliche Summe zu erhalten, um ein pers\u00f6nliches oder famili\u00e4res Projekt zu verwirklichen.<\/p>\r\n                \r\n            <\/div>\r\n\r\n        \r\n        \t\t\t\t<\/div>\n\t\t\t\t<\/div>\n\t\t\t\t<div class=\"elementor-element elementor-element-b8201a5 elementor-widget elementor-widget-tp-heading\" data-id=\"b8201a5\" data-element_type=\"widget\" data-widget_type=\"tp-heading.default\">\n\t\t\t\t<div class=\"elementor-widget-container\">\n\t\t\t\t\t\r\n\t\t\r\n            <div class=\"section__title\">\r\n\r\n                <span class=\"sub-title tg-text-gradient\">Akkumulationstontine<\/span>\r\n                \r\n                                    <p class=\"desc\">\nHier werden die Beitr\u00e4ge der Mitglieder gemeinsam angesammelt. Sobald der Betrag ausreichend ist, entscheiden die Mitglieder gemeinsam \u00fcber die Verwendung der Mittel, oft in Form eines Vorschusses oder Darlehens unter den Mitgliedern, mit zuvor vereinbarten Bedingungen.<br>\nDie Entscheidungen werden gemeinsam getroffen, und keine \u00dcberweisungen erfolgen durch Dritte: Alles basiert auf der internen und gegenseitigen Verwaltung zwischen den Teilnehmern.<\/p>\r\n                \r\n            <\/div>\r\n\r\n        \r\n        \t\t\t\t<\/div>\n\t\t\t\t<\/div>\n\t\t\t\t<\/div>\n\t\t<div class=\"elementor-element elementor-element-fc1765a e-con-full e-flex e-con e-child\" data-id=\"fc1765a\" data-element_type=\"container\">\n\t\t\t\t<div class=\"elementor-element elementor-element-3ee9f4f elementor-widget elementor-widget-image\" data-id=\"3ee9f4f\" data-element_type=\"widget\" data-widget_type=\"image.default\">\n\t\t\t\t\t\t\t\t\t\t\t\t\t\t\t<img fetchpriority=\"high\" decoding=\"async\" width=\"640\" height=\"640\" src=\"https:\/\/etnpro.com\/wp-content\/uploads\/2025\/07\/ChatGPT-Image-29-juil.-2025-20_15_50.png\" class=\"attachment-large size-large wp-image-525\" alt=\"\" srcset=\"https:\/\/etnpro.com\/wp-content\/uploads\/2025\/07\/ChatGPT-Image-29-juil.-2025-20_15_50.png 1024w, https:\/\/etnpro.com\/wp-content\/uploads\/2025\/07\/ChatGPT-Image-29-juil.-2025-20_15_50-300x300.png 300w, https:\/\/etnpro.com\/wp-content\/uploads\/2025\/07\/ChatGPT-Image-29-juil.-2025-20_15_50-150x150.png 150w, https:\/\/etnpro.com\/wp-content\/uploads\/2025\/07\/ChatGPT-Image-29-juil.-2025-20_15_50-768x768.png 768w\" sizes=\"(max-width: 640px) 100vw, 640px\" \/>\t\t\t\t\t\t\t\t\t\t\t\t\t\t\t<\/div>\n\t\t\t\t<\/div>\n\t\t\t\t<\/div>\n\t\t<div class=\"elementor-element elementor-element-8df4805 e-flex e-con-boxed e-con e-parent\" data-id=\"8df4805\" data-element_type=\"container\">\n\t\t\t\t\t<div class=\"e-con-inner\">\n\t\t\t\t<div class=\"elementor-element elementor-element-eb381ff elementor-widget elementor-widget-tp-heading\" data-id=\"eb381ff\" data-element_type=\"widget\" data-widget_type=\"tp-heading.default\">\n\t\t\t\t<div class=\"elementor-widget-container\">\n\t\t\t\t\t\r\n\t\t\r\n            <div class=\"section__title\">\r\n\r\n                <span class=\"sub-title tg-text-gradient\">ETNPro: ein kollaboratives digitales Tool<\/span>\r\n                \r\n                                    <p class=\"desc\">Die Plattform ETNPro greift niemals in die Verwaltung von Geldern oder in finanzielle Transaktionen zwischen Mitgliedern ein.<br>\nSie beschr\u00e4nkt sich darauf, vertrauensw\u00fcrdige Personen miteinander zu vernetzen und einen sicheren Rahmen f\u00fcr Organisation, Planung und Kommunikation bereitzustellen.<\/p>\r\n                \r\n            <\/div>\r\n\r\n        \r\n        \t\t\t\t<\/div>\n\t\t\t\t<\/div>\n\t\t\t\t\t<\/div>\n\t\t\t\t<\/div>\n\t\t<div class=\"elementor-element elementor-element-2910cf0 e-flex e-con-boxed e-con e-parent\" data-id=\"2910cf0\" data-element_type=\"container\">\n\t\t\t\t\t<div class=\"e-con-inner\">\n\t\t<div class=\"elementor-element elementor-element-9b9acb6 e-con-full e-flex e-con e-child\" data-id=\"9b9acb6\" data-element_type=\"container\">\n\t\t\t\t<div class=\"elementor-element elementor-element-6be27fb elementor-widget elementor-widget-image\" data-id=\"6be27fb\" data-element_type=\"widget\" data-widget_type=\"image.default\">\n\t\t\t\t\t\t\t\t\t\t\t\t\t\t\t<img decoding=\"async\" width=\"182\" height=\"56\" src=\"https:\/\/etnpro.com\/wp-content\/uploads\/2025\/08\/Tontine.svg\" class=\"attachment-large size-large wp-image-766\" alt=\"\" \/>\t\t\t\t\t\t\t\t\t\t\t\t\t\t\t<\/div>\n\t\t\t\t<div class=\"elementor-element elementor-element-ae0294b elementor-widget elementor-widget-tp-heading\" data-id=\"ae0294b\" data-element_type=\"widget\" data-widget_type=\"tp-heading.default\">\n\t\t\t\t<div class=\"elementor-widget-container\">\n\t\t\t\t\t\r\n\t\t\r\n            <div class=\"section__title\">\r\n\r\n                \r\n                \r\n                                    <p class=\"desc\">ETNPro. Die Kraft der Gemeinschaft in Ihren H\u00e4nden.\nLaden Sie die App herunter und erstellen oder treten Sie einer vertrauensw\u00fcrdigen Gruppe bei.\nEinfach, direkt, ohne versteckte Geb\u00fchren oder finanzielle Vermittler.<\/p>\r\n                \r\n            <\/div>\r\n\r\n        \r\n        \t\t\t\t<\/div>\n\t\t\t\t<\/div>\n\t\t\t\t<\/div>\n\t\t<div class=\"elementor-element elementor-element-a1ca54c e-con-full e-flex e-con e-child\" data-id=\"a1ca54c\" data-element_type=\"container\">\n\t\t\t\t<div class=\"elementor-element elementor-element-215aa65 elementor-widget elementor-widget-tp-heading\" data-id=\"215aa65\" data-element_type=\"widget\" data-widget_type=\"tp-heading.default\">\n\t\t\t\t<div class=\"elementor-widget-container\">\n\t\t\t\t\t\r\n\t\t\r\n            <div class=\"section__title\">\r\n\r\n                \r\n                <h2 class=\"title\"><h5>Schnellzugriff <\/h2>\r\n                                    <p class=\"desc\"><a href=\"https:\/\/etnpro.com\/?page_id=680&amp;lang=de\">Startseite<\/a><br>\n<a href=\"https:\/\/etnpro.com\/?page_id=685&amp;lang=de\">Verlauf<\/a><br>\n<a href=\"https:\/\/etnpro.com\/?page_id=691&amp;lang=de\">Wie funktioniert es?<\/a><br>\n<a href=\"https:\/\/etnpro.com\/?page_id=696&amp;lang=de\">Werden Sie Vertriebspartner<\/a><br>\n<a href=\"https:\/\/etnpro.com\/?page_id=701&amp;lang=de\">AGB<\/a><br>\n<\/p>\r\n                \r\n            <\/div>\r\n\r\n        \r\n        \t\t\t\t<\/div>\n\t\t\t\t<\/div>\n\t\t\t\t<\/div>\n\t\t<div class=\"elementor-element elementor-element-5c3a2fb e-con-full e-flex e-con e-child\" data-id=\"5c3a2fb\" data-element_type=\"container\">\n\t\t\t\t<div class=\"elementor-element elementor-element-07225ef elementor-widget elementor-widget-tp-heading\" data-id=\"07225ef\" data-element_type=\"widget\" data-widget_type=\"tp-heading.default\">\n\t\t\t\t<div class=\"elementor-widget-container\">\n\t\t\t\t\t\r\n\t\t\r\n            <div class=\"section__title\">\r\n\r\n                \r\n                <h2 class=\"title\"><h5>Koordinate<\/h2>\r\n                \r\n            <\/div>\r\n\r\n        \r\n        \t\t\t\t<\/div>\n\t\t\t\t<\/div>\n\t\t\t\t<div class=\"elementor-element elementor-element-bf4d93c elementor-widget elementor-widget-tp-heading\" data-id=\"bf4d93c\" data-element_type=\"widget\" data-widget_type=\"tp-heading.default\">\n\t\t\t\t<div class=\"elementor-widget-container\">\n\t\t\t\t\t\r\n\t\t\r\n            <div class=\"section__title\">\r\n\r\n                \r\n                \r\n                                    <p class=\"desc\"><a href=\"mailto:contact@etnprto.ma\">E-mail: contact@etnprto.ma<\/a><br>\n<a href=\"tel:+1 (252) 203-0303\">Telefon: +1 (252) 203-0303\n<\/a><br>\n<a href=\"tel:+1 (252) 203-0303\">Adresse: NM 87120 US\n<\/a>\n\n<\/p>\r\n                \r\n            <\/div>\r\n\r\n        \r\n        \t\t\t\t<\/div>\n\t\t\t\t<\/div>\n\t\t\t\t<\/div>\n\t\t\t\t\t<\/div>\n\t\t\t\t<\/div>\n\t\t<div class=\"elementor-element elementor-element-83ca5e2 e-flex e-con-boxed e-con e-parent\" data-id=\"83ca5e2\" data-element_type=\"container\">\n\t\t\t\t\t<div class=\"e-con-inner\">\n\t\t<div class=\"elementor-element elementor-element-27a4826 e-con-full e-flex e-con e-child\" data-id=\"27a4826\" data-element_type=\"container\">\n\t\t\t\t<div class=\"elementor-element elementor-element-a6bc220 elementor-widget elementor-widget-tp-heading\" data-id=\"a6bc220\" data-element_type=\"widget\" data-widget_type=\"tp-heading.default\">\n\t\t\t\t<div class=\"elementor-widget-container\">\n\t\t\t\t\t\r\n\t\t\r\n            <div class=\"section__title\">\r\n\r\n                \r\n                \r\n                                    <p class=\"desc\"><p>Copyright \u00a9 2025 etnpro. Alle Rechte vorbehalten. Version: 1.6.3<\/p>\n<\/p>\r\n                \r\n            <\/div>\r\n\r\n        \r\n        \t\t\t\t<\/div>\n\t\t\t\t<\/div>\n\t\t\t\t<\/div>\n\t\t<div class=\"elementor-element elementor-element-f92ddaf e-con-full e-flex e-con e-child\" data-id=\"f92ddaf\" data-element_type=\"container\">\n\t\t\t\t<div class=\"elementor-element elementor-element-3d4bbac elementor-widget elementor-widget-tp-heading\" data-id=\"3d4bbac\" data-element_type=\"widget\" data-widget_type=\"tp-heading.default\">\n\t\t\t\t<div class=\"elementor-widget-container\">\n\t\t\t\t\t\r\n\t\t\r\n            <div class=\"section__title\">\r\n\r\n                \r\n                \r\n                                    <p class=\"desc\"><a href=\"https:\/\/etnpro.com\/?page_id=1011&amp;lang=de\">Datenschutzerkl\u00e4rung\n<\/a><\/p>\r\n                \r\n            <\/div>\r\n\r\n        \r\n        \t\t\t\t<\/div>\n\t\t\t\t<\/div>\n\t\t\t\t<\/div>\n\t\t\t\t\t<\/div>\n\t\t\t\t<\/div>\n\t\t\t\t<\/div>\n\t\t","protected":false},"excerpt":{"rendered":"<p>Was ist eine Tontine? Eine Tontine ist ein Organisationssystem unter vertrauensw\u00fcrdigen Personen \u2013 Freunden, Kollegen, Angeh\u00f6rigen oder Mitgliedern derselben Gemeinschaft \u2013, das es erm\u00f6glicht, finanzielle Projekte gemeinsam durch gegenseitige Verpflichtung zu planen. Die Grundlage beruht auf Solidarit\u00e4t, Vertrauen und Organisation unter den Mitgliedern, ohne Eingreifen einer externen Institution. Dieses Unterst\u00fctzungsmodell, das in vielen Regionen der [&hellip;]<\/p>\n","protected":false},"author":1,"featured_media":0,"parent":0,"menu_order":0,"comment_status":"closed","ping_status":"closed","template":"","meta":{"_acf_changed":false,"footnotes":""},"class_list":["post-685","page","type-page","status-publish","hentry"],"acf":[],"_links":{"self":[{"href":"https:\/\/etnpro.com\/index.php?rest_route=\/wp\/v2\/pages\/685","targetHints":{"allow":["GET"]}}],"collection":[{"href":"https:\/\/etnpro.com\/index.php?rest_route=\/wp\/v2\/pages"}],"about":[{"href":"https:\/\/etnpro.com\/index.php?rest_route=\/wp\/v2\/types\/page"}],"author":[{"embeddable":true,"href":"https:\/\/etnpro.com\/index.php?rest_route=\/wp\/v2\/users\/1"}],"replies":[{"embeddable":true,"href":"https:\/\/etnpro.com\/index.php?rest_route=%2Fwp%2Fv2%2Fcomments&post=685"}],"version-history":[{"count":11,"href":"https:\/\/etnpro.com\/index.php?rest_route=\/wp\/v2\/pages\/685\/revisions"}],"predecessor-version":[{"id":1080,"href":"https:\/\/etnpro.com\/index.php?rest_route=\/wp\/v2\/pages\/685\/revisions\/1080"}],"wp:attachment":[{"href":"https:\/\/etnpro.com\/index.php?rest_route=%2Fwp%2Fv2%2Fmedia&parent=685"}],"curies":[{"name":"wp","href":"https:\/\/api.w.org\/{rel}","templated":true}]}}