{"id":691,"date":"2025-07-31T21:20:25","date_gmt":"2025-07-31T21:20:25","guid":{"rendered":"https:\/\/etnpro.com\/?page_id=691"},"modified":"2025-08-04T14:42:02","modified_gmt":"2025-08-04T14:42:02","slug":"wie-funktioniert-es","status":"publish","type":"page","link":"https:\/\/etnpro.com\/?page_id=691&lang=de","title":{"rendered":"Wie funktioniert es?"},"content":{"rendered":"\t\t<div data-elementor-type=\"wp-page\" data-elementor-id=\"691\" class=\"elementor elementor-691\">\n\t\t\t\t<div class=\"elementor-element elementor-element-6b81c14 e-flex e-con-boxed e-con e-parent\" data-id=\"6b81c14\" data-element_type=\"container\">\n\t\t\t\t\t<div class=\"e-con-inner\">\n\t\t\t\t<div class=\"elementor-element elementor-element-f62586d elementor-widget elementor-widget-roadmap\" data-id=\"f62586d\" data-element_type=\"widget\" data-widget_type=\"roadmap.default\">\n\t\t\t\t<div class=\"elementor-widget-container\">\n\t\t\t\t\t\r\n        \r\n            <!-- roadmap-area -->\r\n            <section class=\"roadmap-area roadmap-style-three\">\r\n                <div class=\"container\">\r\n                                        <div class=\"row justify-content-center\" data-anime=\"opacity:[0, 1]; translateY:[24, 0]; onview: true; delay: 100;\">\r\n                        <div class=\"col-xl-8 col-lg-10\">\r\n                            <div class=\"section__title text-center title-mb-80\">\r\n                                \r\n                                                            <\/div>\r\n                        <\/div>\r\n                    <\/div>\r\n                    \r\n                    <div class=\"roadmap__wrapper-three\" data-anime=\"targets: > * > * > *; opacity:[0, 1]; translateY:[24, 0]; onview: true; delay: anime.stagger(100);\">\r\n                        <div class=\"row justify-content-center\">\r\n                                                        <div class=\"col-lg-4 col-md-6 col-sm-9\">\r\n                                <div class=\"roadmap__card style-three\">\r\n\r\n                                                                        <div class=\"roadmap__percent\">\r\n                                        <span>1<\/span>                                    <\/div>\r\n                                    \r\n                                    \r\n                                                                        <h3 class=\"roadmap__heading\">Registrierung<\/h3>\r\n                                    \r\n                                                                        <p>Erstellen Sie Ihr Konto in wenigen Sekunden.<\/p>\r\n                                    \r\n                                    \r\n                                <\/div>\r\n                            <\/div>\r\n                                                        <div class=\"col-lg-4 col-md-6 col-sm-9\">\r\n                                <div class=\"roadmap__card style-three\">\r\n\r\n                                                                        <div class=\"roadmap__percent\">\r\n                                        <span>2<\/span>                                    <\/div>\r\n                                    \r\n                                    \r\n                                                                        <h3 class=\"roadmap__heading\">Erstellen Sie Ihren Sparzirkel<\/h3>\r\n                                    \r\n                                                                        <p>Laden Sie Ihre Freunde oder Angeh\u00f6rigen ein, Ihrer Unterst\u00fctzungsgruppe beizutreten.<\/p>\r\n                                    \r\n                                    \r\n                                <\/div>\r\n                            <\/div>\r\n                                                        <div class=\"col-lg-4 col-md-6 col-sm-9\">\r\n                                <div class=\"roadmap__card style-three\">\r\n\r\n                                                                        <div class=\"roadmap__percent\">\r\n                                        <span>3<\/span>                                    <\/div>\r\n                                    \r\n                                    \r\n                                                                        <h3 class=\"roadmap__heading\">Fangen Sie an!<\/h3>\r\n                                    \r\n                                                                        <p>Nehmen Sie an den Zyklen teil und erhalten Sie der Reihe nach Zugriff auf die gemeinsame Kasse, um Ihr Projekt zu verwirklichen.<\/p>\r\n                                    \r\n                                    \r\n                                <\/div>\r\n                            <\/div>\r\n                                                    <\/div>\r\n                    <\/div>\r\n                <\/div>\r\n            <\/section>\r\n            <!-- roadmap-area-end -->\r\n\r\n        \r\n    \t\t\t\t<\/div>\n\t\t\t\t<\/div>\n\t\t\t\t\t<\/div>\n\t\t\t\t<\/div>\n\t\t<div class=\"elementor-element elementor-element-869a9df e-flex e-con-boxed e-con e-parent\" data-id=\"869a9df\" data-element_type=\"container\">\n\t\t\t\t\t<div class=\"e-con-inner\">\n\t\t\t\t<div class=\"elementor-element elementor-element-1ebcb02 elementor-widget elementor-widget-features\" data-id=\"1ebcb02\" data-element_type=\"widget\" data-widget_type=\"features.default\">\n\t\t\t\t<div class=\"elementor-widget-container\">\n\t\t\t\t\t\r\n        \r\n            <!-- mint-area -->\r\n            <section class=\"mint-area\">\r\n                <div class=\"container\">\r\n\r\n                                        <div class=\"row justify-content-center\" data-anime=\"opacity:[0, 1]; translateY:[24, 0]; onview: true; delay: 200;\">\r\n                        <div class=\"col-xl-8 col-lg-10\">\r\n                            <div class=\"section__title text-center title-mb-80\">\r\n\r\n                                \r\n                                \r\n                            <\/div>\r\n                        <\/div>\r\n                    <\/div>\r\n                    \r\n                    <div class=\"mint__lits-wrapper\" data-anime=\"targets: > *; opacity:[0, 1]; translateY:[24, 0]; onview: true; delay: 300;\">\r\n\r\n                        \r\n                                                        <img decoding=\"async\" class=\"shape\" width=\"16\" src=\"https:\/\/etnpro.com\/wp-content\/uploads\/2025\/07\/circle-01.png\" alt=\"\" style=\"top: -16%; left: 8%\">\r\n                            \r\n                                                        <img decoding=\"async\" class=\"shape\" width=\"28\" src=\"https:\/\/etnpro.com\/wp-content\/uploads\/2025\/07\/circle-02.png\" alt=\"\" style=\"bottom: 16%; left: -8%\">\r\n                            \r\n                                                        <img decoding=\"async\" class=\"shape\" width=\"24\" src=\"https:\/\/etnpro.com\/wp-content\/uploads\/2025\/07\/x.png\" alt=\"\" style=\"bottom: 16%; right: -8%\">\r\n                            \r\n\r\n                        \r\n                        <div class=\"row justify-content-center\" data-anime=\"opacity:[0, 1]; translateY:[24, 0]; onview: -250; delay: anime.stagger(100);\">\r\n                                                        <div class=\"col-md-6 col-sm-9\">\r\n                                <div class=\"mint__item\">\r\n\r\n                                                                        <div class=\"mint__icon\">\r\n                                        <img decoding=\"async\" class=\"light\" src=\"https:\/\/etnpro.com\/wp-content\/uploads\/2025\/07\/mint-02.png\" alt=\"\">\r\n                                    <\/div>\r\n                                    \r\n                                    <div class=\"mint__content\">\r\n\r\n                                                                                    <h2 class=\"title\">Gemeinschaft<\/h2>\r\n                                        \r\n                                                                                    <p class=\"desc\">ETNPro hilft Ihnen, Ihren Kreis eigenst\u00e4ndig mit klaren Planungs- und Nachverfolgungswerkzeugen zu organisieren.<\/p>\r\n                                        \r\n                                    <\/div>\r\n                                <\/div>\r\n                            <\/div>\r\n                                                        <div class=\"col-md-6 col-sm-9\">\r\n                                <div class=\"mint__item\">\r\n\r\n                                                                        <div class=\"mint__icon\">\r\n                                        <img decoding=\"async\" class=\"light\" src=\"https:\/\/etnpro.com\/wp-content\/uploads\/2025\/07\/mint-02.png\" alt=\"\">\r\n                                    <\/div>\r\n                                    \r\n                                    <div class=\"mint__content\">\r\n\r\n                                                                                    <h2 class=\"title\">Transparenz<\/h2>\r\n                                        \r\n                                                                                    <p class=\"desc\">Keine \u00dcberraschungen. Jedes Mitglied kennt die Regeln und Zugangsvoraussetzungen von Anfang an. Die Plattform erhebt keine Geb\u00fchren, sie stellt nur die Verbindung her.<\/p>\r\n                                        \r\n                                    <\/div>\r\n                                <\/div>\r\n                            <\/div>\r\n                                                        <div class=\"col-md-6 col-sm-9\">\r\n                                <div class=\"mint__item\">\r\n\r\n                                                                        <div class=\"mint__icon\">\r\n                                        <img decoding=\"async\" class=\"light\" src=\"https:\/\/etnpro.com\/wp-content\/uploads\/2025\/07\/mint-03.png\" alt=\"\">\r\n                                    <\/div>\r\n                                    \r\n                                    <div class=\"mint__content\">\r\n\r\n                                                                                    <h2 class=\"title\">Ein sicherer Kreis<\/h2>\r\n                                        \r\n                                                                                    <p class=\"desc\">Die Austauschprozesse finden nur zwischen best\u00e4tigten Mitgliedern statt. Sie legen die Regeln, Rollen und Priorit\u00e4ten gem\u00e4\u00df Ihrem Kreis fest.<\/p>\r\n                                        \r\n                                    <\/div>\r\n                                <\/div>\r\n                            <\/div>\r\n                                                    <\/div>\r\n                    <\/div>\r\n                <\/div>\r\n            <\/section>\r\n            <!-- mint-area-end -->\r\n\r\n        \r\n    \t\t\t\t<\/div>\n\t\t\t\t<\/div>\n\t\t\t\t\t<\/div>\n\t\t\t\t<\/div>\n\t\t<div class=\"elementor-element elementor-element-8fa362f e-flex e-con-boxed e-con e-parent\" data-id=\"8fa362f\" data-element_type=\"container\">\n\t\t\t\t\t<div class=\"e-con-inner\">\n\t\t<div class=\"elementor-element elementor-element-5d372a7 e-con-full e-flex e-con e-child\" data-id=\"5d372a7\" data-element_type=\"container\">\n\t\t\t\t<div class=\"elementor-element elementor-element-1d0b579 elementor-widget elementor-widget-image\" data-id=\"1d0b579\" data-element_type=\"widget\" data-widget_type=\"image.default\">\n\t\t\t\t\t\t\t\t\t\t\t\t\t\t\t<img decoding=\"async\" width=\"182\" height=\"56\" src=\"https:\/\/etnpro.com\/wp-content\/uploads\/2025\/08\/Tontine.svg\" class=\"attachment-large size-large wp-image-766\" alt=\"\" \/>\t\t\t\t\t\t\t\t\t\t\t\t\t\t\t<\/div>\n\t\t\t\t<div class=\"elementor-element elementor-element-4fc1521 elementor-widget elementor-widget-tp-heading\" data-id=\"4fc1521\" data-element_type=\"widget\" data-widget_type=\"tp-heading.default\">\n\t\t\t\t<div class=\"elementor-widget-container\">\n\t\t\t\t\t\r\n\t\t\r\n            <div class=\"section__title\">\r\n\r\n                \r\n                \r\n                                    <p class=\"desc\">ETNPro. Die Kraft der Gemeinschaft in Ihren H\u00e4nden.\nLaden Sie die App herunter und erstellen oder treten Sie einer vertrauensw\u00fcrdigen Gruppe bei.\nEinfach, direkt, ohne versteckte Geb\u00fchren oder finanzielle Vermittler.<\/p>\r\n                \r\n            <\/div>\r\n\r\n        \r\n        \t\t\t\t<\/div>\n\t\t\t\t<\/div>\n\t\t\t\t<\/div>\n\t\t<div class=\"elementor-element elementor-element-1a71029 e-con-full e-flex e-con e-child\" data-id=\"1a71029\" data-element_type=\"container\">\n\t\t\t\t<div class=\"elementor-element elementor-element-90ce2f8 elementor-widget elementor-widget-tp-heading\" data-id=\"90ce2f8\" data-element_type=\"widget\" data-widget_type=\"tp-heading.default\">\n\t\t\t\t<div class=\"elementor-widget-container\">\n\t\t\t\t\t\r\n\t\t\r\n            <div class=\"section__title\">\r\n\r\n                \r\n                <h2 class=\"title\"><h5>Schnellzugriff <\/h2>\r\n                                    <p class=\"desc\"><a href=\"https:\/\/etnpro.com\/?page_id=680&amp;lang=de\">Startseite<\/a><br>\n<a href=\"https:\/\/etnpro.com\/?page_id=685&amp;lang=de\">Verlauf<\/a><br>\n<a href=\"https:\/\/etnpro.com\/?page_id=691&amp;lang=de\">Wie funktioniert es?<\/a><br>\n<a href=\"https:\/\/etnpro.com\/?page_id=696&amp;lang=de\">Werden Sie Vertriebspartner<\/a><br>\n<a href=\"https:\/\/etnpro.com\/?page_id=701&amp;lang=de\">AGB<\/a><br>\n<\/p>\r\n                \r\n            <\/div>\r\n\r\n        \r\n        \t\t\t\t<\/div>\n\t\t\t\t<\/div>\n\t\t\t\t<\/div>\n\t\t<div class=\"elementor-element elementor-element-9d7d0e2 e-con-full e-flex e-con e-child\" data-id=\"9d7d0e2\" data-element_type=\"container\">\n\t\t\t\t<div class=\"elementor-element elementor-element-feac23e elementor-widget elementor-widget-tp-heading\" data-id=\"feac23e\" data-element_type=\"widget\" data-widget_type=\"tp-heading.default\">\n\t\t\t\t<div class=\"elementor-widget-container\">\n\t\t\t\t\t\r\n\t\t\r\n            <div class=\"section__title\">\r\n\r\n                \r\n                <h2 class=\"title\"><h5>Koordinate<\/h2>\r\n                \r\n            <\/div>\r\n\r\n        \r\n        \t\t\t\t<\/div>\n\t\t\t\t<\/div>\n\t\t\t\t<div class=\"elementor-element elementor-element-f804fd3 elementor-widget elementor-widget-tp-heading\" data-id=\"f804fd3\" data-element_type=\"widget\" data-widget_type=\"tp-heading.default\">\n\t\t\t\t<div class=\"elementor-widget-container\">\n\t\t\t\t\t\r\n\t\t\r\n            <div class=\"section__title\">\r\n\r\n                \r\n                \r\n                                    <p class=\"desc\"><a href=\"mailto:contact@etnprto.ma\">E-mail: contact@etnprto.ma<\/a><br>\n<a href=\"tel:+1 (252) 203-0303\">Telefon: +1 (252) 203-0303\n<\/a><br>\n<a href=\"tel:+1 (252) 203-0303\">Adresse: NM 87120 US\n<\/a>\n\n<\/p>\r\n                \r\n            <\/div>\r\n\r\n        \r\n        \t\t\t\t<\/div>\n\t\t\t\t<\/div>\n\t\t\t\t<\/div>\n\t\t\t\t\t<\/div>\n\t\t\t\t<\/div>\n\t\t<div class=\"elementor-element elementor-element-2f3df95 e-flex e-con-boxed e-con e-parent\" data-id=\"2f3df95\" data-element_type=\"container\">\n\t\t\t\t\t<div class=\"e-con-inner\">\n\t\t<div class=\"elementor-element elementor-element-23c9e90 e-con-full e-flex e-con e-child\" data-id=\"23c9e90\" data-element_type=\"container\">\n\t\t\t\t<div class=\"elementor-element elementor-element-1d84fe2 elementor-widget elementor-widget-tp-heading\" data-id=\"1d84fe2\" data-element_type=\"widget\" data-widget_type=\"tp-heading.default\">\n\t\t\t\t<div class=\"elementor-widget-container\">\n\t\t\t\t\t\r\n\t\t\r\n            <div class=\"section__title\">\r\n\r\n                \r\n                \r\n                                    <p class=\"desc\"><p>Copyright \u00a9 2025 etnpro. Alle Rechte vorbehalten. Version: 1.6.3<\/p>\n<\/p>\r\n                \r\n            <\/div>\r\n\r\n        \r\n        \t\t\t\t<\/div>\n\t\t\t\t<\/div>\n\t\t\t\t<\/div>\n\t\t<div class=\"elementor-element elementor-element-db011bc e-con-full e-flex e-con e-child\" data-id=\"db011bc\" data-element_type=\"container\">\n\t\t\t\t<div class=\"elementor-element elementor-element-5f68393 elementor-widget elementor-widget-tp-heading\" data-id=\"5f68393\" data-element_type=\"widget\" data-widget_type=\"tp-heading.default\">\n\t\t\t\t<div class=\"elementor-widget-container\">\n\t\t\t\t\t\r\n\t\t\r\n            <div class=\"section__title\">\r\n\r\n                \r\n                \r\n                                    <p class=\"desc\"><a href=\"https:\/\/etnpro.com\/?page_id=1011&amp;lang=de\">Datenschutzerkl\u00e4rung\n<\/a><\/p>\r\n                \r\n            <\/div>\r\n\r\n        \r\n        \t\t\t\t<\/div>\n\t\t\t\t<\/div>\n\t\t\t\t<\/div>\n\t\t\t\t\t<\/div>\n\t\t\t\t<\/div>\n\t\t\t\t<\/div>\n\t\t","protected":false},"excerpt":{"rendered":"<p>* > * > *; opacity:[0, 1]; translateY:[24, 0]; onview: true; delay: anime.stagger(100);\u00a0\u00bb> 1 Registrierung Erstellen Sie Ihr Konto in wenigen Sekunden. 2 Erstellen Sie Ihren Sparzirkel Laden Sie Ihre Freunde oder Angeh\u00f6rigen ein, Ihrer Unterst\u00fctzungsgruppe beizutreten. 3 Fangen Sie an! Nehmen Sie an den Zyklen teil und erhalten Sie der Reihe nach Zugriff auf [&hellip;]<\/p>\n","protected":false},"author":1,"featured_media":0,"parent":0,"menu_order":0,"comment_status":"closed","ping_status":"closed","template":"","meta":{"_acf_changed":false,"footnotes":""},"class_list":["post-691","page","type-page","status-publish","hentry"],"acf":[],"_links":{"self":[{"href":"https:\/\/etnpro.com\/index.php?rest_route=\/wp\/v2\/pages\/691","targetHints":{"allow":["GET"]}}],"collection":[{"href":"https:\/\/etnpro.com\/index.php?rest_route=\/wp\/v2\/pages"}],"about":[{"href":"https:\/\/etnpro.com\/index.php?rest_route=\/wp\/v2\/types\/page"}],"author":[{"embeddable":true,"href":"https:\/\/etnpro.com\/index.php?rest_route=\/wp\/v2\/users\/1"}],"replies":[{"embeddable":true,"href":"https:\/\/etnpro.com\/index.php?rest_route=%2Fwp%2Fv2%2Fcomments&post=691"}],"version-history":[{"count":11,"href":"https:\/\/etnpro.com\/index.php?rest_route=\/wp\/v2\/pages\/691\/revisions"}],"predecessor-version":[{"id":1083,"href":"https:\/\/etnpro.com\/index.php?rest_route=\/wp\/v2\/pages\/691\/revisions\/1083"}],"wp:attachment":[{"href":"https:\/\/etnpro.com\/index.php?rest_route=%2Fwp%2Fv2%2Fmedia&parent=691"}],"curies":[{"name":"wp","href":"https:\/\/api.w.org\/{rel}","templated":true}]}}